{"id":610,"date":"2025-12-31T14:59:46","date_gmt":"2025-12-31T14:59:46","guid":{"rendered":"https:\/\/klwrzos.pl\/?page_id=610"},"modified":"2025-12-31T15:11:15","modified_gmt":"2025-12-31T15:11:15","slug":"czlonkowie","status":"publish","type":"page","link":"https:\/\/klwrzos.pl\/index.php\/czlonkowie\/","title":{"rendered":"Cz\u0142onkowie"},"content":{"rendered":"<div class=\"\" style=\"\" >\n    \n    <section class=\"u-clearfix u-palette-2-base u-section-2\" id=\"block-1\">\n      <div class=\"u-clearfix u-sheet u-sheet-1\">\n        <img decoding=\"async\" class=\"u-file-link u-image u-image-default u-image-1\" src=\"https:\/\/klwrzos.pl\/wp-content\/uploads\/2025\/12\/WRZOSgotowe-scaled.jpg\" alt=\"\" data-image-width=\"4890\" data-image-height=\"3260\" data-href=\"https:\/\/klwrzos.pl\/wp-content\/uploads\/2025\/12\/WRZOSgotowe-1.jpg\">\n        <div class=\"fr-view u-clearfix u-rich-text u-text u-text-1\">\n          <h1 style=\"text-align: center;\">Zarz\u0105d<\/h1>\n          <p><span style=\"font-size: 1.5rem;\">1. Latkowska Joanna<\/span>\n          <\/p>\n          <p><span style=\"font-size: 1.5rem;\">2. Ko\u015bci\u0144ski W\u0142odzimierz<\/span>\n          <\/p>\n          <p><span style=\"font-size: 1.5rem;\">3. Sawczuk Mariola<\/span>\n          <\/p>\n          <p><span style=\"font-size: 1.5rem;\">4. Horbal Jacek<\/span>\n          <\/p>\n          <p><span style=\"font-size: 1.5rem;\">5. Kimbar Grzegorz<\/span>\n          <\/p>\n          <h1 style=\"text-align: center;\">Cz\u0142onkowie<\/h1>\n          <p><span style=\"font-size: 1.5rem;\">6. Aramowicz Konrad<\/span>\n          <\/p>\n          <p><span style=\"font-size: 1.5rem;\">7. Aramowicz Zbigniew<\/span>\n          <\/p>\n          <p><span style=\"font-size: 1.5rem;\">8. Bekieszczuk Zygmunt<\/span>\n          <\/p>\n          <p><span style=\"font-size: 1.5rem;\">9. Bia\u0142uski J\u00f3zef<\/span>\n          <\/p>\n          <p><span style=\"font-size: 1.5rem;\">10. Bro\u0144czyk Mariusz<\/span>\n          <\/p>\n          <p><span style=\"font-size: 1.5rem;\">11. Dobrzeniecki \u0141ukasz<\/span>\n          <\/p>\n          <p><span style=\"font-size: 1.5rem;\">12. Gaczo\u0142 Stanis\u0142aw<\/span>\n          <\/p>\n          <p><span style=\"font-size: 1.5rem;\">13. G\u0142uchowski Lech<\/span>\n          <\/p>\n          <p><span style=\"font-size: 1.5rem;\">14. G\u00f3ralewski Marcin<\/span>\n          <\/p>\n          <p><span style=\"font-size: 1.5rem;\">15. Iwaszko Waldemar<\/span>\n          <\/p>\n          <p><span style=\"font-size: 1.5rem;\">16. Jaworski Jaros\u0142aw<\/span>\n          <\/p>\n          <p><span style=\"font-size: 1.5rem;\">17. J\u0119drych \u0141ukasz<\/span>\n          <\/p>\n          <p><span style=\"font-size: 1.5rem;\">18. Kapu\u015bci\u0144ski Stanis\u0142aw<\/span>\n          <\/p>\n          <p><span style=\"font-size: 1.5rem;\">19. Kapu\u015bci\u0144ski Szymon<\/span>\n          <\/p>\n          <p><span style=\"font-size: 1.5rem;\">20. Karkowski Andrzej<\/span>\n          <\/p>\n          <p><span style=\"font-size: 1.5rem;\">21. Knopek Piotr<\/span>\n          <\/p>\n          <p><span style=\"font-size: 1.5rem;\">22. Koperski Zygmunt<\/span>\n          <\/p>\n          <p><span style=\"font-size: 1.5rem;\">23. Kraczek Janusz<\/span>\n          <\/p>\n          <p><span style=\"font-size: 1.5rem;\">24. Kuci\u0144ski Marcin<\/span>\n          <\/p>\n          <p><span style=\"font-size: 1.5rem;\">25. \u0141ozowski Dariusz<\/span>\n          <\/p>\n          <p><span style=\"font-size: 1.5rem;\">26. \u0141ugowski Adam<\/span>\n          <\/p>\n          <p><span style=\"font-size: 1.5rem;\">27. Mackiewicz Romuald<\/span>\n          <\/p>\n          <p><span style=\"font-size: 1.5rem;\">28. Ma\u0142olepszy Krzysztof<\/span>\n          <\/p>\n          <p><span style=\"font-size: 1.5rem;\">29. Manista Mariusz<\/span>\n          <\/p>\n          <p><span style=\"font-size: 1.5rem;\">30. Maruszczak Marcin<\/span>\n          <\/p>\n          <p><span style=\"font-size: 1.5rem;\">31. Maruszczak Zbigniew<\/span>\n          <\/p>\n          <p><span style=\"font-size: 1.5rem;\">32. Michalak Dorota<\/span>\n          <\/p>\n          <p><span style=\"font-size: 1.5rem;\">33. Mi\u0142osz Romuald<\/span>\n          <\/p>\n          <p><span style=\"font-size: 1.5rem;\">34. Napi\u00f3rkowski Pawe\u0142<\/span>\n          <\/p>\n          <p><span style=\"font-size: 1.5rem;\">35. Pe\u0142ka Andrzej<\/span>\n          <\/p>\n          <p><span style=\"font-size: 1.5rem;\">36. Podolski Marcin<\/span>\n          <\/p>\n          <p><span style=\"font-size: 1.5rem;\">37. Prawdzik Adam<\/span>\n          <\/p>\n          <p><span style=\"font-size: 1.5rem;\">38. Prawdzik Piotr<\/span>\n          <\/p>\n          <p><span style=\"font-size: 1.5rem;\">39. Ratajczak Adam<\/span>\n          <\/p>\n          <p><span style=\"font-size: 1.5rem;\">40. Romanowski Roman<\/span>\n          <\/p>\n          <p><span style=\"font-size: 1.5rem;\">41. Saczonek W\u0142adys\u0142aw<\/span>\n          <\/p>\n          <p><span style=\"font-size: 1.5rem;\">42. Sawczuk Mariola<\/span>\n          <\/p>\n          <p><span style=\"font-size: 1.5rem;\">43. Sawczuk Tadeusz<\/span>\n          <\/p>\n          <p><span style=\"font-size: 1.5rem;\">44. Soko\u0142owski Rados\u0142aw<\/span>\n          <\/p>\n          <p><span style=\"font-size: 1.5rem;\">45. Sosna J\u00f3zef<\/span>\n          <\/p>\n          <p><span style=\"font-size: 1.5rem;\">46. Sutowicz Daniel<\/span>\n          <\/p>\n          <p><span style=\"font-size: 1.5rem;\">47. Sutowicz Krzysztof<\/span>\n          <\/p>\n          <p><span style=\"font-size: 1.5rem;\">48. Szumski Zbigniew<\/span>\n          <\/p>\n          <p><span style=\"font-size: 1.5rem;\">49. Szutowicz Julian<\/span>\n          <\/p>\n          <p><span style=\"font-size: 1.5rem;\">50. Tokarczyk Tomasz<\/span>\n          <\/p>\n          <p><span style=\"font-size: 1.5rem;\">51. Wasilewski Miros\u0142aw<\/span>\n          <\/p>\n          <p><span style=\"font-size: 1.5rem;\">52. W\u0142os Mieczys\u0142aw<\/span>\n          <\/p>\n          <p><span style=\"font-size: 1.5rem;\">53. Wojsiat Krzysztof<\/span>\n          <\/p>\n          <p><span style=\"font-size: 1.5rem;\">54. Wojtel Wies\u0142aw<\/span>\n          <\/p>\n          <p><span style=\"font-size: 1.5rem;\">55. Wro\u0144ski Waldemar<\/span>\n          <\/p>\n          <p><span style=\"font-size: 1.5rem;\">56. Zaniewski Marcin<\/span>\n          <\/p>\n          <p><span style=\"font-size: 1.5rem;\">57. Zieli\u0144ski Artur<\/span>\n          <\/p>\n          <p><span style=\"font-size: 1.5rem;\">58. Zieli\u0144ski Tadeusz<\/span>\n          <\/p>\n          <p><span style=\"font-size: 3rem;\">\n              <br><\/span>\n          <\/p>\n          <p>\n            <br>\n          <\/p>\n        <\/div>\n      <\/div>\n    <\/section>\n    \n    \n    \n  \n<\/div>","protected":false},"excerpt":{"rendered":"<p>Zarz\u0105d 1. Latkowska Joanna 2. Ko\u015bci\u0144ski W\u0142odzimierz 3. Sawczuk Mariola 4. Horbal Jacek 5. Kimbar Grzegorz Cz\u0142onkowie 6. Aramowicz Konrad 7. Aramowicz Zbigniew 8. Bekieszczuk Zygmunt 9. Bia\u0142uski J\u00f3zef 10. Bro\u0144czyk Mariusz 11. Dobrzeniecki \u0141ukasz 12. Gaczo\u0142 Stanis\u0142aw 13. G\u0142uchowski Lech 14. G\u00f3ralewski Marcin 15. Iwaszko Waldemar 16. Jaworski Jaros\u0142aw 17. J\u0119drych \u0141ukasz 18. Kapu\u015bci\u0144ski [&hellip;]<\/p>\n","protected":false},"author":1,"featured_media":0,"parent":0,"menu_order":0,"comment_status":"closed","ping_status":"closed","template":"","meta":{"footnotes":""},"class_list":["post-610","page","type-page","status-publish","hentry"],"_links":{"self":[{"href":"https:\/\/klwrzos.pl\/index.php\/wp-json\/wp\/v2\/pages\/610","targetHints":{"allow":["GET"]}}],"collection":[{"href":"https:\/\/klwrzos.pl\/index.php\/wp-json\/wp\/v2\/pages"}],"about":[{"href":"https:\/\/klwrzos.pl\/index.php\/wp-json\/wp\/v2\/types\/page"}],"author":[{"embeddable":true,"href":"https:\/\/klwrzos.pl\/index.php\/wp-json\/wp\/v2\/users\/1"}],"replies":[{"embeddable":true,"href":"https:\/\/klwrzos.pl\/index.php\/wp-json\/wp\/v2\/comments?post=610"}],"version-history":[{"count":10,"href":"https:\/\/klwrzos.pl\/index.php\/wp-json\/wp\/v2\/pages\/610\/revisions"}],"predecessor-version":[{"id":631,"href":"https:\/\/klwrzos.pl\/index.php\/wp-json\/wp\/v2\/pages\/610\/revisions\/631"}],"wp:attachment":[{"href":"https:\/\/klwrzos.pl\/index.php\/wp-json\/wp\/v2\/media?parent=610"}],"curies":[{"name":"wp","href":"https:\/\/api.w.org\/{rel}","templated":true}]}}