{"id":291,"date":"2025-12-03T18:44:00","date_gmt":"2025-12-03T18:44:00","guid":{"rendered":"https:\/\/klwrzos.pl\/?page_id=291"},"modified":"2025-12-08T12:20:57","modified_gmt":"2025-12-08T12:20:57","slug":"aktualnosci","status":"publish","type":"page","link":"https:\/\/klwrzos.pl\/index.php\/aktualnosci\/","title":{"rendered":"Aktualno\u015bci"},"content":{"rendered":"<div class=\"\" style=\"\" >\n    \n    <section class=\"u-clearfix u-palette-2-base u-section-2\" id=\"block-1\">\n      <div class=\"u-clearfix u-sheet u-valign-top-lg u-valign-top-md u-valign-top-sm u-sheet-1\">\n        <h1 class=\"u-text u-text-1\">Aktualno\u015bci<\/h1>\n      <\/div>\n    <\/section>\n    <section class=\"u-align-center u-clearfix u-container-align-center u-shading u-section-3\" id=\"block-3\" data-image-width=\"2560\" data-image-height=\"1181\">\n      <div class=\"u-clearfix u-sheet u-valign-bottom-xl u-valign-middle-lg u-valign-middle-sm u-sheet-1\">\n        <h1 class=\"u-align-center u-text u-text-body-alt-color u-title u-text-1\"> Jubileusz 80-lecia K.\u0141. Wrzos&nbsp;<br>w Lidzbarku Warmi\u0144skim\n        <\/h1>\n        <p class=\"u-align-justify u-text u-text-2\"> W dniu 29 listopada 2025 roku cz\u0142onkowie Ko\u0142a \u0141owieckiego \u201eWrzos\u201d obchodzili&nbsp; Jubileusz 80-lecia istnienia naszego ko\u0142a \u0142owieckiego. W trakcie Jubileuszu do Lidzbarka Warmi\u0144skiego przyby\u0142y poczty sztandarowe ze sztandarami Zarz\u0105du Okr\u0119gowego Polskiego Zwi\u0105zku \u0141owieckiego w Olsztynie i zaprzyja\u017anionych k\u00f3\u0142 \u0142owieckich. Go\u015bcili\u015bmy r\u00f3wnie\u017c Zesp\u00f3\u0142 Sygnalist\u00f3w My\u015bliwskich \u201eKLANGOR\u201d, kt\u00f3ry zadba\u0142 o tradycyjn\u0105 opraw\u0119 muzyki \u0142owieckiej. W Hotelu G\u00f3recki w Lidzbarku Warmi\u0144skim cz\u0142onkowie Ko\u0142a wraz z zaproszonymi go\u015b\u0107mi ods\u0142uchali rys historyczny ko\u0142a, pocz\u0105wszy od roku 1945 do czas\u00f3w wsp\u00f3\u0142czesnych. Na zako\u0144czenie Jubileuszu odby\u0142 si\u0119 Bal My\u015bliwski. Dzi\u0119kujemy raz jeszcze zaproszonym go\u015bciom za przybycie, a cz\u0142onkom ko\u0142a za pomoc w organizacji Jubileuszu, poniewa\u017c bez Waszego wysi\u0142ku i trudu w\u0142o\u017conego w przygotowania, trudno by\u0142oby zorganizowa\u0107 takie przedsi\u0119wzi\u0119cie.<\/p>\n        <div class=\"u-expanded-width u-gallery u-layout-grid u-lightbox u-show-text-on-hover u-gallery-1\">\n          <div class=\"u-gallery-inner u-gallery-inner-1\">\n            <div class=\"u-effect-fade u-gallery-item\">\n              <div class=\"u-back-slide\" data-image-width=\"2048\" data-image-height=\"1362\">\n                <img decoding=\"async\" class=\"u-back-image u-expanded\" src=\"https:\/\/klwrzos.pl\/wp-content\/uploads\/2025\/12\/DSC_5147-2048x1362.jpg\">\n              <\/div>\n              <div class=\"u-over-slide u-shading u-over-slide-1\"><\/div>\n            <\/div>\n            <div class=\"u-effect-fade u-gallery-item\">\n              <div class=\"u-back-slide\" data-image-width=\"2560\" data-image-height=\"1181\">\n                <img decoding=\"async\" class=\"u-back-image u-expanded\" src=\"https:\/\/klwrzos.pl\/wp-content\/uploads\/2025\/12\/IMG_0692-5-scaled.png\">\n              <\/div>\n              <div class=\"u-over-slide u-shading u-over-slide-2\"><\/div>\n            <\/div>\n            <div class=\"u-effect-fade u-gallery-item\">\n              <div class=\"u-back-slide\" data-image-width=\"2048\" data-image-height=\"1309\">\n                <img decoding=\"async\" class=\"u-back-image u-expanded\" src=\"https:\/\/klwrzos.pl\/wp-content\/uploads\/2025\/12\/DSC_4910-2048x1309.jpg\">\n              <\/div>\n              <div class=\"u-over-slide u-shading u-over-slide-3\"><\/div>\n            <\/div>\n            <div class=\"u-effect-fade u-gallery-item\" data-image-width=\"3440\" data-image-height=\"2288\">\n              <div class=\"u-back-slide\">\n                <img decoding=\"async\" class=\"u-back-image u-expanded\" src=\"https:\/\/klwrzos.pl\/wp-content\/uploads\/2025\/12\/DSC_4927-scaled.jpg\">\n              <\/div>\n              <div class=\"u-over-slide u-shading u-over-slide-4\"><\/div>\n            <\/div>\n            <div class=\"u-effect-fade u-gallery-item u-gallery-item-5\">\n              <div class=\"u-back-slide\">\n                <img decoding=\"async\" class=\"u-back-image u-expanded\" src=\"https:\/\/klwrzos.pl\/wp-content\/uploads\/2025\/12\/DSC_5047-scaled.jpg\">\n              <\/div>\n              <div class=\"u-over-slide u-shading u-over-slide-5\"><\/div>\n            <\/div>\n            <div class=\"u-effect-fade u-gallery-item\">\n              <div class=\"u-back-slide\">\n                <img decoding=\"async\" class=\"u-back-image u-expanded\" src=\"https:\/\/klwrzos.pl\/wp-content\/uploads\/2025\/12\/DSC_5129-scaled.jpg\">\n              <\/div>\n              <div class=\"u-over-slide u-shading u-over-slide-6\"><\/div>\n            <\/div>\n          <\/div>\n        <\/div>\n      <\/div>\n    <\/section>\n    \n    \n    \n  \n<\/div>","protected":false},"excerpt":{"rendered":"<p>Aktualno\u015bci Jubileusz 80-lecia K.\u0141. Wrzos&nbsp;w Lidzbarku Warmi\u0144skim W dniu 29 listopada 2025 roku cz\u0142onkowie Ko\u0142a \u0141owieckiego \u201eWrzos\u201d obchodzili&nbsp; Jubileusz 80-lecia istnienia naszego ko\u0142a \u0142owieckiego. W trakcie Jubileuszu do Lidzbarka Warmi\u0144skiego przyby\u0142y poczty sztandarowe ze sztandarami Zarz\u0105du Okr\u0119gowego Polskiego Zwi\u0105zku \u0141owieckiego w Olsztynie i zaprzyja\u017anionych k\u00f3\u0142 \u0142owieckich. Go\u015bcili\u015bmy r\u00f3wnie\u017c Zesp\u00f3\u0142 Sygnalist\u00f3w My\u015bliwskich \u201eKLANGOR\u201d, kt\u00f3ry zadba\u0142 o [&hellip;]<\/p>\n","protected":false},"author":1,"featured_media":0,"parent":0,"menu_order":0,"comment_status":"closed","ping_status":"closed","template":"","meta":{"footnotes":""},"class_list":["post-291","page","type-page","status-publish","hentry"],"_links":{"self":[{"href":"https:\/\/klwrzos.pl\/index.php\/wp-json\/wp\/v2\/pages\/291","targetHints":{"allow":["GET"]}}],"collection":[{"href":"https:\/\/klwrzos.pl\/index.php\/wp-json\/wp\/v2\/pages"}],"about":[{"href":"https:\/\/klwrzos.pl\/index.php\/wp-json\/wp\/v2\/types\/page"}],"author":[{"embeddable":true,"href":"https:\/\/klwrzos.pl\/index.php\/wp-json\/wp\/v2\/users\/1"}],"replies":[{"embeddable":true,"href":"https:\/\/klwrzos.pl\/index.php\/wp-json\/wp\/v2\/comments?post=291"}],"version-history":[{"count":9,"href":"https:\/\/klwrzos.pl\/index.php\/wp-json\/wp\/v2\/pages\/291\/revisions"}],"predecessor-version":[{"id":310,"href":"https:\/\/klwrzos.pl\/index.php\/wp-json\/wp\/v2\/pages\/291\/revisions\/310"}],"wp:attachment":[{"href":"https:\/\/klwrzos.pl\/index.php\/wp-json\/wp\/v2\/media?parent=291"}],"curies":[{"name":"wp","href":"https:\/\/api.w.org\/{rel}","templated":true}]}}