{"id":215,"date":"2025-11-18T14:34:25","date_gmt":"2025-11-18T14:34:25","guid":{"rendered":"https:\/\/klwrzos.pl\/index.php\/galeria\/"},"modified":"2025-12-28T14:22:45","modified_gmt":"2025-12-28T14:22:45","slug":"galeria","status":"publish","type":"page","link":"https:\/\/klwrzos.pl\/index.php\/galeria\/","title":{"rendered":"Galeria"},"content":{"rendered":"<div class=\"\" style=\"\" >\n    \n    <section class=\"u-align-left u-clearfix u-container-align-center u-container-align-left u-palette-2-base u-section-2\" id=\"sec-f62b\">\n      <div class=\"u-clearfix u-sheet u-valign-middle-lg u-valign-middle-md u-valign-middle-xl u-sheet-1\">\n        <h2 class=\"u-align-center u-text u-text-default u-text-1\">Galeria <\/h2>\n        <p class=\"u-align-center u-text u-text-2\">Zapraszamy do obejrzenia Galerii Ko\u0142a \u0141owieckiego WRZOS w Lidzbarku Warmi\u0144skim <\/p>\n        <div class=\"u-expanded-width u-list u-list-1\">\n          <div class=\"u-repeater u-repeater-1\">\n            <div class=\"u-container-style u-image u-image-round u-list-item u-radius u-repeater-item u-shading u-image-1\" data-image-width=\"1599\" data-image-height=\"1200\" data-href=\"https:\/\/klwrzos.pl\/index.php\/bezkrwawe-lowy\/\" style=\"background-image: linear-gradient(rgba(0, 0, 0, 0.25), rgba(0, 0, 0, 0.25)), url(&quot;https:\/\/klwrzos.pl\/wp-content\/uploads\/2025\/12\/be57b180-57c5-410c-93ab-771fc7f2d784.jpg&quot;);\">\n              <div class=\"u-container-layout u-similar-container u-valign-bottom u-container-layout-1\">\n                <h5 class=\"u-align-left u-text u-text-3\">Bezkrwawe \u0141owy <\/h5>\n              <\/div>\n            <\/div>\n            <div class=\"u-container-style u-image u-image-round u-list-item u-radius u-repeater-item u-shading u-image-2\" data-image-width=\"1200\" data-image-height=\"1600\" data-href=\"https:\/\/klwrzos.pl\/index.php\/lowy-odnosnik\/\" style=\"background-image: linear-gradient(rgba(0, 0, 0, 0.25), rgba(0, 0, 0, 0.25)), url(&quot;https:\/\/klwrzos.pl\/wp-content\/uploads\/2025\/12\/4fbd8075-57e5-4b31-89a1-d9b06e808b8b.jpg&quot;);\">\n              <div class=\"u-container-layout u-similar-container u-valign-bottom u-container-layout-2\">\n                <h5 class=\"u-align-left u-text u-text-4\">\u0141owy <\/h5>\n              <\/div>\n            <\/div>\n            <div class=\"u-container-style u-image u-image-round u-list-item u-radius u-repeater-item u-shading u-image-3\" data-image-width=\"2048\" data-image-height=\"1536\" data-href=\"https:\/\/klwrzos.pl\/index.php\/prace-w-lowisku\/\" style=\"background-image: linear-gradient(rgba(0, 0, 0, 0.25), rgba(0, 0, 0, 0.25)), url(&quot;https:\/\/klwrzos.pl\/wp-content\/uploads\/2025\/12\/IMG_20200929_104734-2048x1536.jpg&quot;);\">\n              <div class=\"u-container-layout u-similar-container u-valign-bottom u-container-layout-3\">\n                <h5 class=\"u-align-left u-text u-text-5\">Prace w \u0141owisku <\/h5>\n              <\/div>\n            <\/div>\n            <div class=\"u-container-style u-image u-image-round u-list-item u-radius u-repeater-item u-shading u-image-4\" data-image-width=\"2560\" data-image-height=\"1181\" data-href=\"https:\/\/klwrzos.pl\/index.php\/uroczystosci\/\" style=\"background-image: linear-gradient(rgba(0, 0, 0, 0.25), rgba(0, 0, 0, 0.25)), url(&quot;https:\/\/klwrzos.pl\/wp-content\/uploads\/2025\/12\/IMG_0692-4-scaled.png&quot;);\">\n              <div class=\"u-container-layout u-similar-container u-valign-bottom u-container-layout-4\">\n                <h5 class=\"u-align-left u-text u-text-6\">Uroczysto\u015bci <\/h5>\n              <\/div>\n            <\/div>\n          <\/div>\n        <\/div>\n      <\/div>\n    <\/section>\n    \n    \n    \n  \n<\/div>","protected":false},"excerpt":{"rendered":"<p>Galeria Zapraszamy do obejrzenia Galerii Ko\u0142a \u0141owieckiego WRZOS w Lidzbarku Warmi\u0144skim Bezkrwawe \u0141owy \u0141owy Prace w \u0141owisku Uroczysto\u015bci<\/p>\n","protected":false},"author":1,"featured_media":0,"parent":0,"menu_order":5,"comment_status":"closed","ping_status":"closed","template":"","meta":{"footnotes":""},"class_list":["post-215","page","type-page","status-publish","hentry"],"_links":{"self":[{"href":"https:\/\/klwrzos.pl\/index.php\/wp-json\/wp\/v2\/pages\/215","targetHints":{"allow":["GET"]}}],"collection":[{"href":"https:\/\/klwrzos.pl\/index.php\/wp-json\/wp\/v2\/pages"}],"about":[{"href":"https:\/\/klwrzos.pl\/index.php\/wp-json\/wp\/v2\/types\/page"}],"author":[{"embeddable":true,"href":"https:\/\/klwrzos.pl\/index.php\/wp-json\/wp\/v2\/users\/1"}],"replies":[{"embeddable":true,"href":"https:\/\/klwrzos.pl\/index.php\/wp-json\/wp\/v2\/comments?post=215"}],"version-history":[{"count":4,"href":"https:\/\/klwrzos.pl\/index.php\/wp-json\/wp\/v2\/pages\/215\/revisions"}],"predecessor-version":[{"id":568,"href":"https:\/\/klwrzos.pl\/index.php\/wp-json\/wp\/v2\/pages\/215\/revisions\/568"}],"wp:attachment":[{"href":"https:\/\/klwrzos.pl\/index.php\/wp-json\/wp\/v2\/media?parent=215"}],"curies":[{"name":"wp","href":"https:\/\/api.w.org\/{rel}","templated":true}]}}