{"id":211,"date":"2025-11-18T14:34:21","date_gmt":"2025-11-18T14:34:21","guid":{"rendered":"https:\/\/klwrzos.pl\/index.php\/ksiazka-polowan\/"},"modified":"2025-11-18T14:34:27","modified_gmt":"2025-11-18T14:34:27","slug":"ksiazka-polowan","status":"publish","type":"page","link":"https:\/\/klwrzos.pl\/index.php\/ksiazka-polowan\/","title":{"rendered":"Ksi\u0105\u017cka Polowa\u0144"},"content":{"rendered":"<div class=\"\" style=\"\" >\n  \n    <section class=\"u-align-center-md u-align-center-sm u-align-center-xs u-clearfix u-palette-2-base u-section-1\" id=\"block-2\">\n      <div class=\"u-clearfix u-sheet u-valign-middle-md u-valign-middle-sm u-sheet-1\">\n        <div class=\"custom-expanded u-carousel u-gallery u-layout-carousel u-lightbox u-no-transition u-show-text-none u-gallery-1\" data-interval=\"5000\" data-u-ride=\"carousel\" id=\"carousel-16e8\">\n          <ol class=\"u-absolute-hcenter u-carousel-indicators u-carousel-indicators-1\">\n            <li data-u-target=\"#carousel-16e8\" data-u-slide-to=\"0\" class=\"u-active u-grey-70 u-shape-circle\" style=\"width: 10px; height: 10px;\"><\/li>\n          <\/ol>\n          <div class=\"u-carousel-inner u-gallery-inner u-gallery-inner-1\" role=\"listbox\">\n            <div class=\"u-active u-carousel-item u-gallery-item\">\n              <div class=\"u-back-slide\" data-image-width=\"4608\" data-image-height=\"3072\">\n                <img decoding=\"async\" class=\"u-back-image u-expanded\" src=\"https:\/\/klwrzos.pl\/wp-content\/uploads\/2025\/11\/81.jpg\">\n              <\/div>\n              <div class=\"u-over-slide u-over-slide-1\">\n                <h3 class=\"u-gallery-heading\">Sample Title<\/h3>\n                <p class=\"u-gallery-text\">Sample Text<\/p>\n              <\/div>\n            <\/div>\n          <\/div>\n          <a class=\"u-absolute-vcenter u-carousel-control u-carousel-control-prev u-icon-circle u-opacity u-opacity-70 u-text-grey-50 u-carousel-control-1\" href=\"#carousel-16e8\" role=\"button\" data-u-slide=\"prev\"><span aria-hidden=\"true\">\n              <svg viewBox=\"0 0 451.847 451.847\"><path d=\"M97.141,225.92c0-8.095,3.091-16.192,9.259-22.366L300.689,9.27c12.359-12.359,32.397-12.359,44.751,0\nc12.354,12.354,12.354,32.388,0,44.748L173.525,225.92l171.903,171.909c12.354,12.354,12.354,32.391,0,44.744\nc-12.354,12.365-32.386,12.365-44.745,0l-194.29-194.281C100.226,242.115,97.141,234.018,97.141,225.92z\"><\/path><\/svg><\/span><span class=\"sr-only\">\n              <svg viewBox=\"0 0 451.847 451.847\"><path d=\"M97.141,225.92c0-8.095,3.091-16.192,9.259-22.366L300.689,9.27c12.359-12.359,32.397-12.359,44.751,0\nc12.354,12.354,12.354,32.388,0,44.748L173.525,225.92l171.903,171.909c12.354,12.354,12.354,32.391,0,44.744\nc-12.354,12.365-32.386,12.365-44.745,0l-194.29-194.281C100.226,242.115,97.141,234.018,97.141,225.92z\"><\/path><\/svg><\/span>\n          <\/a>\n          <a class=\"u-absolute-vcenter u-carousel-control u-carousel-control-next u-icon-circle u-opacity u-opacity-70 u-text-grey-50 u-carousel-control-2\" href=\"#carousel-16e8\" role=\"button\" data-u-slide=\"next\"><span aria-hidden=\"true\">\n              <svg viewBox=\"0 0 451.846 451.847\"><path d=\"M345.441,248.292L151.154,442.573c-12.359,12.365-32.397,12.365-44.75,0c-12.354-12.354-12.354-32.391,0-44.744\nL278.318,225.92L106.409,54.017c-12.354-12.359-12.354-32.394,0-44.748c12.354-12.359,32.391-12.359,44.75,0l194.287,194.284\nc6.177,6.18,9.262,14.271,9.262,22.366C354.708,234.018,351.617,242.115,345.441,248.292z\"><\/path><\/svg><\/span><span class=\"sr-only\">\n              <svg viewBox=\"0 0 451.846 451.847\"><path d=\"M345.441,248.292L151.154,442.573c-12.359,12.365-32.397,12.365-44.75,0c-12.354-12.354-12.354-32.391,0-44.744\nL278.318,225.92L106.409,54.017c-12.354-12.359-12.354-32.394,0-44.748c12.354-12.359,32.391-12.359,44.75,0l194.287,194.284\nc6.177,6.18,9.262,14.271,9.262,22.366C354.708,234.018,351.617,242.115,345.441,248.292z\"><\/path><\/svg><\/span>\n          <\/a>\n        <\/div>\n        <div class=\"u-container-style u-expanded-width-xs u-group u-group-1\">\n          <div class=\"u-container-layout u-container-layout-1\">\n            <h2 class=\"u-align-left u-text u-text-default u-text-1\">Ksi\u0105\u017cka Polowa\u0144 <\/h2>\n            <h5 class=\"u-align-left u-text u-text-default-lg u-text-default-md u-text-default-sm u-text-default-xl u-text-palette-2-base u-text-2\">$20.00<\/h5>\n            <p class=\"u-align-center u-text u-text-3\"> Ksi\u0105\u017cka Polowa\u0144 to podstawowy dokument ewidencyjny Ko\u0142a , w kt\u00f3rym rejestrowane s\u0105 wszystkie polowania . Stanowi nie tylko narz\u0119dzie kontroli i bezpiecze\u0144stwa , ale tak\u017ce gwarancj\u0119 prowadzenia gospodarki \u0142owieckiej zgodnie z prawem i tradycji .<\/p>\n            <p class=\"u-align-center u-text u-text-4\"><span style=\"font-weight: 700;\"><\/span><span style=\"font-weight: 700;\"><span style=\"font-weight: 400;\">O<\/span><b><span style=\"font-weight: 400;\">dno\u015bnik do elektronicznej ksi\u0105\u017cki polowa\u0144<\/span>&nbsp;<\/b><\/span>\n              <br>https:\/\/www.epi24.pl\/wrzos01\/\n            <\/p>\n            <a href=\"https:\/\/www.epi24.pl\/wrzos01\/\" class=\"u-align-center-xs u-align-left-lg u-align-left-md u-align-left-sm u-align-left-xl u-border-2 u-border-active-white u-border-hover-white u-border-white u-btn u-btn-round u-button-style u-none u-radius u-text-active-white u-text-hover-white u-text-white u-btn-1\" data-product-button-click-type=\"add-to-cart\">zobacz wi\u0119cej <\/a>\n          <\/div>\n        <\/div>\n        <p class=\"u-align-left-xs u-text u-text-body-color u-text-5\">Autor zdj\u0119\u0107<br>Karolina Koniuszewska\n        <\/p>\n      <\/div>\n    <\/section>\n    \n    \n    \n    \n  \n<\/div>","protected":false},"excerpt":{"rendered":"<p>Sample Title Sample Text Ksi\u0105\u017cka Polowa\u0144 $20.00 Ksi\u0105\u017cka Polowa\u0144 to podstawowy dokument ewidencyjny Ko\u0142a , w kt\u00f3rym rejestrowane s\u0105 wszystkie polowania . Stanowi nie tylko narz\u0119dzie kontroli i bezpiecze\u0144stwa , ale tak\u017ce gwarancj\u0119 prowadzenia gospodarki \u0142owieckiej zgodnie z prawem i tradycji . Odno\u015bnik do elektronicznej ksi\u0105\u017cki polowa\u0144&nbsp; https:\/\/www.epi24.pl\/wrzos01\/ zobacz wi\u0119cej Autor zdj\u0119\u0107Karolina Koniuszewska<\/p>\n","protected":false},"author":1,"featured_media":0,"parent":0,"menu_order":1,"comment_status":"closed","ping_status":"closed","template":"","meta":{"footnotes":""},"class_list":["post-211","page","type-page","status-publish","hentry"],"_links":{"self":[{"href":"https:\/\/klwrzos.pl\/index.php\/wp-json\/wp\/v2\/pages\/211","targetHints":{"allow":["GET"]}}],"collection":[{"href":"https:\/\/klwrzos.pl\/index.php\/wp-json\/wp\/v2\/pages"}],"about":[{"href":"https:\/\/klwrzos.pl\/index.php\/wp-json\/wp\/v2\/types\/page"}],"author":[{"embeddable":true,"href":"https:\/\/klwrzos.pl\/index.php\/wp-json\/wp\/v2\/users\/1"}],"replies":[{"embeddable":true,"href":"https:\/\/klwrzos.pl\/index.php\/wp-json\/wp\/v2\/comments?post=211"}],"version-history":[{"count":1,"href":"https:\/\/klwrzos.pl\/index.php\/wp-json\/wp\/v2\/pages\/211\/revisions"}],"predecessor-version":[{"id":222,"href":"https:\/\/klwrzos.pl\/index.php\/wp-json\/wp\/v2\/pages\/211\/revisions\/222"}],"wp:attachment":[{"href":"https:\/\/klwrzos.pl\/index.php\/wp-json\/wp\/v2\/media?parent=211"}],"curies":[{"name":"wp","href":"https:\/\/api.w.org\/{rel}","templated":true}]}}